{"id":19130,"date":"2025-11-26T11:45:59","date_gmt":"2025-11-26T11:45:59","guid":{"rendered":"https:\/\/corp.ametllerorigen.com\/?page_id=19130"},"modified":"2026-04-15T11:12:47","modified_gmt":"2026-04-15T11:12:47","slug":"carniceria","status":"publish","type":"page","link":"https:\/\/corp.ametllerorigen.com\/es\/equipo\/nuestros-departamentos\/carniceria\/","title":{"rendered":"Carnicer\u00eda"},"content":{"rendered":"\t\t<div data-elementor-type=\"wp-page\" data-elementor-id=\"19130\" class=\"elementor elementor-19130 elementor-19016\" data-elementor-post-type=\"page\">\n\t\t\t\t<div class=\"elementor-element elementor-element-9657c08 e-flex e-con-boxed e-con e-parent\" data-id=\"9657c08\" data-element_type=\"container\" data-settings=\"{&quot;background_background&quot;:&quot;slideshow&quot;,&quot;background_slideshow_gallery&quot;:[{&quot;id&quot;:19870,&quot;url&quot;:&quot;https:\\\/\\\/corp.ametllerorigen.com\\\/wp-content\\\/uploads\\\/2025\\\/07\\\/IM-carnissers-2.jpg&quot;},{&quot;id&quot;:19868,&quot;url&quot;:&quot;https:\\\/\\\/corp.ametllerorigen.com\\\/wp-content\\\/uploads\\\/2025\\\/07\\\/IM-carnissers-1.jpg&quot;},{&quot;id&quot;:19872,&quot;url&quot;:&quot;https:\\\/\\\/corp.ametllerorigen.com\\\/wp-content\\\/uploads\\\/2025\\\/07\\\/IM-carnissers-3.jpg&quot;},{&quot;id&quot;:19874,&quot;url&quot;:&quot;https:\\\/\\\/corp.ametllerorigen.com\\\/wp-content\\\/uploads\\\/2025\\\/07\\\/IM-carnissers-4.jpg&quot;}],&quot;background_slideshow_slide_transition&quot;:&quot;slide_right&quot;,&quot;background_slideshow_transition_duration&quot;:0,&quot;background_slideshow_lazyload&quot;:&quot;yes&quot;,&quot;background_slideshow_ken_burns&quot;:&quot;yes&quot;,&quot;background_slideshow_slide_duration&quot;:4000,&quot;background_slideshow_loop&quot;:&quot;yes&quot;,&quot;background_slideshow_ken_burns_zoom_direction&quot;:&quot;in&quot;}\">\n\t\t\t\t\t<div class=\"e-con-inner\">\n\t\t<div class=\"elementor-element elementor-element-8a29889 e-con-full e-flex e-con e-child\" data-id=\"8a29889\" data-element_type=\"container\">\n\t\t<div class=\"elementor-element elementor-element-b7237f0 e-con-full e-flex e-con e-child\" data-id=\"b7237f0\" data-element_type=\"container\">\n\t\t\t\t<div class=\"elementor-element elementor-element-7a7277d elementor-widget__width-initial elementor-widget elementor-widget-heading\" data-id=\"7a7277d\" data-element_type=\"widget\" data-widget_type=\"heading.default\">\n\t\t\t\t<div class=\"elementor-widget-container\">\n\t\t\t\t\t<h1 class=\"elementor-heading-title elementor-size-default\"><b>\u00bfBuscas un futuro mejor?<\/b><span>Tenemos la receta. El ingrediente que nos falta eres T\u00da.<\/span><\/h1>\t\t\t\t<\/div>\n\t\t\t\t<\/div>\n\t\t\t\t<div class=\"elementor-element elementor-element-40f7738 elementor-mobile-align-justify elementor-align-center elementor-widget elementor-widget-button\" data-id=\"40f7738\" data-element_type=\"widget\" data-widget_type=\"button.default\">\n\t\t\t\t<div class=\"elementor-widget-container\">\n\t\t\t\t\t\t\t\t\t<div class=\"elementor-button-wrapper\">\n\t\t\t\t\t<a class=\"elementor-button elementor-button-link elementor-size-sm\" href=\"https:\/\/ametllerorigen.wd3.myworkdayjobs.com\/es\/CareerSite\/job\/BARCELONA\/VOLS-SER-CARNISSER-A-_JR104219\">\n\t\t\t\t\t\t<span class=\"elementor-button-content-wrapper\">\n\t\t\t\t\t\t<span class=\"elementor-button-icon\">\n\t\t\t\t<svg xmlns=\"http:\/\/www.w3.org\/2000\/svg\" width=\"16\" height=\"10\" viewBox=\"0 0 16 10\" fill=\"none\"><path d=\"M1.10229 5H14.8978\" stroke=\"#5E5944\" stroke-width=\"1.5\" stroke-linecap=\"round\" stroke-linejoin=\"round\"><\/path><path d=\"M10.6531 9.24477L14.8978 5.00001L10.6531 0.755249\" stroke=\"#5E5944\" stroke-width=\"1.5\" stroke-linecap=\"round\" stroke-linejoin=\"round\"><\/path><\/svg>\t\t\t<\/span>\n\t\t\t\t\t\t\t\t\t<span class=\"elementor-button-text\">QUIERO SER CARNICERO\/A<\/span>\n\t\t\t\t\t<\/span>\n\t\t\t\t\t<\/a>\n\t\t\t\t<\/div>\n\t\t\t\t\t\t\t\t<\/div>\n\t\t\t\t<\/div>\n\t\t\t\t<\/div>\n\t\t\t\t<\/div>\n\t\t\t\t\t<\/div>\n\t\t\t\t<\/div>\n\t\t<div class=\"elementor-element elementor-element-ad71e79 e-flex e-con-boxed e-con e-parent\" data-id=\"ad71e79\" data-element_type=\"container\" data-settings=\"{&quot;background_background&quot;:&quot;classic&quot;}\">\n\t\t\t\t\t<div class=\"e-con-inner\">\n\t\t<div class=\"elementor-element elementor-element-acfaa20 e-con-full e-flex e-con e-child\" data-id=\"acfaa20\" data-element_type=\"container\">\n\t\t\t\t<div class=\"elementor-element elementor-element-31b9045 elementor-widget__width-initial elementor-widget elementor-widget-heading\" data-id=\"31b9045\" data-element_type=\"widget\" data-widget_type=\"heading.default\">\n\t\t\t\t<div class=\"elementor-widget-container\">\n\t\t\t\t\t<h2 class=\"elementor-heading-title elementor-size-default\">\u00a1Te ofrecemos mucho m\u00e1s que un trabajo, un oficio!<\/h2>\t\t\t\t<\/div>\n\t\t\t\t<\/div>\n\t\t\t\t<div class=\"elementor-element elementor-element-892a5d7 elementor-widget__width-initial elementor-widget elementor-widget-heading\" data-id=\"892a5d7\" data-element_type=\"widget\" data-widget_type=\"heading.default\">\n\t\t\t\t<div class=\"elementor-widget-container\">\n\t\t\t\t\t<p class=\"elementor-heading-title elementor-size-default\">Todo el que trabaja en nuestras carnicer\u00edas puede decir con orgullo, \u00a1soy carnicero! Y ser carnicero en nuestra casa es mucho m\u00e1s de lo que crees\u2026 Quiere decir trabajar con el mejor producto, compartir oficio con los mejores compa\u00f1eros y lo m\u00e1s importante de todo, <b>abrir una puerta al crecimiento.<\/b>  \n<\/p>\t\t\t\t<\/div>\n\t\t\t\t<\/div>\n\t\t\t\t<div class=\"elementor-element elementor-element-879dbf1 elementor-widget__width-initial elementor-widget elementor-widget-heading\" data-id=\"879dbf1\" data-element_type=\"widget\" data-widget_type=\"heading.default\">\n\t\t\t\t<div class=\"elementor-widget-container\">\n\t\t\t\t\t<p class=\"elementor-heading-title elementor-size-default\">Porque nuestras carnicer\u00edas son un mundo sin techo, donde se sabe en qu\u00e9 rol se empieza, pero no en lo que tu ambici\u00f3n te va a convertir.  <\/p>\t\t\t\t<\/div>\n\t\t\t\t<\/div>\n\t\t\t\t<div class=\"elementor-element elementor-element-3855d2b elementor-widget__width-initial elementor-widget elementor-widget-heading\" data-id=\"3855d2b\" data-element_type=\"widget\" data-widget_type=\"heading.default\">\n\t\t\t\t<div class=\"elementor-widget-container\">\n\t\t\t\t\t<h2 class=\"elementor-heading-title elementor-size-default\">Est\u00e1s a un solo paso de ser carnicero\/a<\/h2>\t\t\t\t<\/div>\n\t\t\t\t<\/div>\n\t\t\t\t<div class=\"elementor-element elementor-element-c734737 elementor-mobile-align-justify elementor-align-center elementor-widget elementor-widget-button\" data-id=\"c734737\" data-element_type=\"widget\" data-widget_type=\"button.default\">\n\t\t\t\t<div class=\"elementor-widget-container\">\n\t\t\t\t\t\t\t\t\t<div class=\"elementor-button-wrapper\">\n\t\t\t\t\t<a class=\"elementor-button elementor-button-link elementor-size-sm\" href=\"https:\/\/ametllerorigen.wd3.myworkdayjobs.com\/es\/CareerSite\/job\/BARCELONA\/VOLS-SER-CARNISSER-A-_JR104219\">\n\t\t\t\t\t\t<span class=\"elementor-button-content-wrapper\">\n\t\t\t\t\t\t<span class=\"elementor-button-icon\">\n\t\t\t\t<svg xmlns=\"http:\/\/www.w3.org\/2000\/svg\" width=\"16\" height=\"10\" viewBox=\"0 0 16 10\" fill=\"none\"><path d=\"M1.10229 5H14.8978\" stroke=\"#5E5944\" stroke-width=\"1.5\" stroke-linecap=\"round\" stroke-linejoin=\"round\"><\/path><path d=\"M10.6531 9.24477L14.8978 5.00001L10.6531 0.755249\" stroke=\"#5E5944\" stroke-width=\"1.5\" stroke-linecap=\"round\" stroke-linejoin=\"round\"><\/path><\/svg>\t\t\t<\/span>\n\t\t\t\t\t\t\t\t\t<span class=\"elementor-button-text\">QUIERO SER CARNICERO\/A<\/span>\n\t\t\t\t\t<\/span>\n\t\t\t\t\t<\/a>\n\t\t\t\t<\/div>\n\t\t\t\t\t\t\t\t<\/div>\n\t\t\t\t<\/div>\n\t\t\t\t<div class=\"elementor-element elementor-element-33d27b1 elementor-widget__width-initial elementor-widget elementor-widget-heading\" data-id=\"33d27b1\" data-element_type=\"widget\" data-widget_type=\"heading.default\">\n\t\t\t\t<div class=\"elementor-widget-container\">\n\t\t\t\t\t<h2 class=\"elementor-heading-title elementor-size-default\">\u00a1S\u00e9 carnicero\/a por un d\u00eda!<\/h2>\t\t\t\t<\/div>\n\t\t\t\t<\/div>\n\t\t\t\t<div class=\"elementor-element elementor-element-27c5766 elementor-widget__width-initial elementor-widget elementor-widget-video\" data-id=\"27c5766\" data-element_type=\"widget\" data-settings=\"{&quot;youtube_url&quot;:&quot;https:\\\/\\\/www.youtube.com\\\/watch?v=ZfClU6niD9o&quot;,&quot;video_type&quot;:&quot;youtube&quot;,&quot;controls&quot;:&quot;yes&quot;}\" data-widget_type=\"video.default\">\n\t\t\t\t<div class=\"elementor-widget-container\">\n\t\t\t\t\t\t\t<div class=\"elementor-wrapper elementor-open-inline\">\n\t\t\t<div class=\"elementor-video\"><\/div>\t\t<\/div>\n\t\t\t\t\t\t<\/div>\n\t\t\t\t<\/div>\n\t\t\t\t<\/div>\n\t\t\t\t\t<\/div>\n\t\t\t\t<\/div>\n\t\t\t\t<\/div>\n\t\t","protected":false},"excerpt":{"rendered":"<p>\u00bfBuscas un futuro mejor?Tenemos la receta. El ingrediente que nos falta eres T\u00da. QUIERO SER CARNICERO\/A \u00a1Te ofrecemos mucho m\u00e1s que un trabajo, un oficio! Todo el que trabaja en nuestras carnicer\u00edas puede decir con orgullo, \u00a1soy carnicero! Y ser carnicero en nuestra casa es mucho m\u00e1s de lo que crees\u2026 Quiere decir trabajar con [&hellip;]<\/p>\n","protected":false},"author":17,"featured_media":0,"parent":18020,"menu_order":0,"comment_status":"closed","ping_status":"closed","template":"","meta":{"_acf_changed":false,"footnotes":""},"class_list":["post-19130","page","type-page","status-publish","hentry"],"acf":false,"yoast_head":"<!-- This site is optimized with the Yoast SEO plugin v27.4 - https:\/\/yoast.com\/product\/yoast-seo-wordpress\/ -->\n<title>Carnicer\u00eda Almendro Origen<\/title>\n<meta name=\"description\" content=\"Trabajar como carnicero en Ametller Origen es trabajar con el mejor producto, compartir el oficio con los mejores compa\u00f1eros y lo m\u00e1s importante de todo, abrir una puerta al crecimiento personal y profesional.\" \/>\n<meta name=\"robots\" content=\"index, follow, max-snippet:-1, max-image-preview:large, max-video-preview:-1\" \/>\n<link rel=\"canonical\" href=\"https:\/\/corp.ametllerorigen.com\/es\/equipo\/nuestros-departamentos\/carniceria\/\" \/>\n<meta property=\"og:locale\" content=\"es_ES\" \/>\n<meta property=\"og:type\" content=\"article\" \/>\n<meta property=\"og:title\" content=\"Carnicer\u00eda Almendro Origen\" \/>\n<meta property=\"og:description\" content=\"Trabajar como carnicero en Ametller Origen es trabajar con el mejor producto, compartir el oficio con los mejores compa\u00f1eros y lo m\u00e1s importante de todo, abrir una puerta al crecimiento personal y profesional.\" \/>\n<meta property=\"og:url\" content=\"https:\/\/corp.ametllerorigen.com\/es\/equipo\/nuestros-departamentos\/carniceria\/\" \/>\n<meta property=\"og:site_name\" content=\"Ametller Origen\" \/>\n<meta property=\"article:modified_time\" content=\"2026-04-15T11:12:47+00:00\" \/>\n<meta name=\"twitter:card\" content=\"summary_large_image\" \/>\n<meta name=\"twitter:label1\" content=\"Tiempo de lectura\" \/>\n\t<meta name=\"twitter:data1\" content=\"1 minuto\" \/>\n<script type=\"application\/ld+json\" class=\"yoast-schema-graph\">{\"@context\":\"https:\\\/\\\/schema.org\",\"@graph\":[{\"@type\":\"WebPage\",\"@id\":\"https:\\\/\\\/corp.ametllerorigen.com\\\/es\\\/equipo\\\/nuestros-departamentos\\\/carniceria\\\/\",\"url\":\"https:\\\/\\\/corp.ametllerorigen.com\\\/es\\\/equipo\\\/nuestros-departamentos\\\/carniceria\\\/\",\"name\":\"Carnicer\u00eda Almendro Origen\",\"isPartOf\":{\"@id\":\"https:\\\/\\\/corp.ametllerorigen.com\\\/#website\"},\"datePublished\":\"2025-11-26T11:45:59+00:00\",\"dateModified\":\"2026-04-15T11:12:47+00:00\",\"description\":\"Trabajar como carnicero en Ametller Origen es trabajar con el mejor producto, compartir el oficio con los mejores compa\u00f1eros y lo m\u00e1s importante de todo, abrir una puerta al crecimiento personal y profesional.\",\"breadcrumb\":{\"@id\":\"https:\\\/\\\/corp.ametllerorigen.com\\\/es\\\/equipo\\\/nuestros-departamentos\\\/carniceria\\\/#breadcrumb\"},\"inLanguage\":\"es\",\"potentialAction\":[{\"@type\":\"ReadAction\",\"target\":[\"https:\\\/\\\/corp.ametllerorigen.com\\\/es\\\/equipo\\\/nuestros-departamentos\\\/carniceria\\\/\"]}]},{\"@type\":\"BreadcrumbList\",\"@id\":\"https:\\\/\\\/corp.ametllerorigen.com\\\/es\\\/equipo\\\/nuestros-departamentos\\\/carniceria\\\/#breadcrumb\",\"itemListElement\":[{\"@type\":\"ListItem\",\"position\":1,\"name\":\"Inici\",\"item\":\"https:\\\/\\\/corp.ametllerorigen.com\\\/es\\\/home\\\/\"},{\"@type\":\"ListItem\",\"position\":2,\"name\":\"Equipo\",\"item\":\"https:\\\/\\\/corp.ametllerorigen.com\\\/es\\\/equipo\\\/\"},{\"@type\":\"ListItem\",\"position\":3,\"name\":\"Nuestros departamentos\",\"item\":\"https:\\\/\\\/corp.ametllerorigen.com\\\/es\\\/equipo\\\/nuestros-departamentos\\\/\"},{\"@type\":\"ListItem\",\"position\":4,\"name\":\"Carnicer\u00eda\"}]},{\"@type\":\"WebSite\",\"@id\":\"https:\\\/\\\/corp.ametllerorigen.com\\\/#website\",\"url\":\"https:\\\/\\\/corp.ametllerorigen.com\\\/\",\"name\":\"Ametller Origen\",\"description\":\"Pensa com menges, menja com penses\",\"publisher\":{\"@id\":\"https:\\\/\\\/corp.ametllerorigen.com\\\/#organization\"},\"potentialAction\":[{\"@type\":\"SearchAction\",\"target\":{\"@type\":\"EntryPoint\",\"urlTemplate\":\"https:\\\/\\\/corp.ametllerorigen.com\\\/?s={search_term_string}\"},\"query-input\":{\"@type\":\"PropertyValueSpecification\",\"valueRequired\":true,\"valueName\":\"search_term_string\"}}],\"inLanguage\":\"es\"},{\"@type\":\"Organization\",\"@id\":\"https:\\\/\\\/corp.ametllerorigen.com\\\/#organization\",\"name\":\"Ametller Origen\",\"url\":\"https:\\\/\\\/corp.ametllerorigen.com\\\/\",\"logo\":{\"@type\":\"ImageObject\",\"inLanguage\":\"es\",\"@id\":\"https:\\\/\\\/corp.ametllerorigen.com\\\/#\\\/schema\\\/logo\\\/image\\\/\",\"url\":\"https:\\\/\\\/corp.ametllerorigen.com\\\/wp-content\\\/uploads\\\/2025\\\/09\\\/Favicon.svg\",\"contentUrl\":\"https:\\\/\\\/corp.ametllerorigen.com\\\/wp-content\\\/uploads\\\/2025\\\/09\\\/Favicon.svg\",\"caption\":\"Ametller Origen\"},\"image\":{\"@id\":\"https:\\\/\\\/corp.ametllerorigen.com\\\/#\\\/schema\\\/logo\\\/image\\\/\"}}]}<\/script>\n<!-- \/ Yoast SEO plugin. -->","yoast_head_json":{"title":"Carnicer\u00eda Almendro Origen","description":"Trabajar como carnicero en Ametller Origen es trabajar con el mejor producto, compartir el oficio con los mejores compa\u00f1eros y lo m\u00e1s importante de todo, abrir una puerta al crecimiento personal y profesional.","robots":{"index":"index","follow":"follow","max-snippet":"max-snippet:-1","max-image-preview":"max-image-preview:large","max-video-preview":"max-video-preview:-1"},"canonical":"https:\/\/corp.ametllerorigen.com\/es\/equipo\/nuestros-departamentos\/carniceria\/","og_locale":"es_ES","og_type":"article","og_title":"Carnicer\u00eda Almendro Origen","og_description":"Trabajar como carnicero en Ametller Origen es trabajar con el mejor producto, compartir el oficio con los mejores compa\u00f1eros y lo m\u00e1s importante de todo, abrir una puerta al crecimiento personal y profesional.","og_url":"https:\/\/corp.ametllerorigen.com\/es\/equipo\/nuestros-departamentos\/carniceria\/","og_site_name":"Ametller Origen","article_modified_time":"2026-04-15T11:12:47+00:00","twitter_card":"summary_large_image","twitter_misc":{"Tiempo de lectura":"1 minuto"},"schema":{"@context":"https:\/\/schema.org","@graph":[{"@type":"WebPage","@id":"https:\/\/corp.ametllerorigen.com\/es\/equipo\/nuestros-departamentos\/carniceria\/","url":"https:\/\/corp.ametllerorigen.com\/es\/equipo\/nuestros-departamentos\/carniceria\/","name":"Carnicer\u00eda Almendro Origen","isPartOf":{"@id":"https:\/\/corp.ametllerorigen.com\/#website"},"datePublished":"2025-11-26T11:45:59+00:00","dateModified":"2026-04-15T11:12:47+00:00","description":"Trabajar como carnicero en Ametller Origen es trabajar con el mejor producto, compartir el oficio con los mejores compa\u00f1eros y lo m\u00e1s importante de todo, abrir una puerta al crecimiento personal y profesional.","breadcrumb":{"@id":"https:\/\/corp.ametllerorigen.com\/es\/equipo\/nuestros-departamentos\/carniceria\/#breadcrumb"},"inLanguage":"es","potentialAction":[{"@type":"ReadAction","target":["https:\/\/corp.ametllerorigen.com\/es\/equipo\/nuestros-departamentos\/carniceria\/"]}]},{"@type":"BreadcrumbList","@id":"https:\/\/corp.ametllerorigen.com\/es\/equipo\/nuestros-departamentos\/carniceria\/#breadcrumb","itemListElement":[{"@type":"ListItem","position":1,"name":"Inici","item":"https:\/\/corp.ametllerorigen.com\/es\/home\/"},{"@type":"ListItem","position":2,"name":"Equipo","item":"https:\/\/corp.ametllerorigen.com\/es\/equipo\/"},{"@type":"ListItem","position":3,"name":"Nuestros departamentos","item":"https:\/\/corp.ametllerorigen.com\/es\/equipo\/nuestros-departamentos\/"},{"@type":"ListItem","position":4,"name":"Carnicer\u00eda"}]},{"@type":"WebSite","@id":"https:\/\/corp.ametllerorigen.com\/#website","url":"https:\/\/corp.ametllerorigen.com\/","name":"Ametller Origen","description":"Pensa com menges, menja com penses","publisher":{"@id":"https:\/\/corp.ametllerorigen.com\/#organization"},"potentialAction":[{"@type":"SearchAction","target":{"@type":"EntryPoint","urlTemplate":"https:\/\/corp.ametllerorigen.com\/?s={search_term_string}"},"query-input":{"@type":"PropertyValueSpecification","valueRequired":true,"valueName":"search_term_string"}}],"inLanguage":"es"},{"@type":"Organization","@id":"https:\/\/corp.ametllerorigen.com\/#organization","name":"Ametller Origen","url":"https:\/\/corp.ametllerorigen.com\/","logo":{"@type":"ImageObject","inLanguage":"es","@id":"https:\/\/corp.ametllerorigen.com\/#\/schema\/logo\/image\/","url":"https:\/\/corp.ametllerorigen.com\/wp-content\/uploads\/2025\/09\/Favicon.svg","contentUrl":"https:\/\/corp.ametllerorigen.com\/wp-content\/uploads\/2025\/09\/Favicon.svg","caption":"Ametller Origen"},"image":{"@id":"https:\/\/corp.ametllerorigen.com\/#\/schema\/logo\/image\/"}}]}},"_links":{"self":[{"href":"https:\/\/corp.ametllerorigen.com\/es\/wp-json\/wp\/v2\/pages\/19130","targetHints":{"allow":["GET"]}}],"collection":[{"href":"https:\/\/corp.ametllerorigen.com\/es\/wp-json\/wp\/v2\/pages"}],"about":[{"href":"https:\/\/corp.ametllerorigen.com\/es\/wp-json\/wp\/v2\/types\/page"}],"author":[{"embeddable":true,"href":"https:\/\/corp.ametllerorigen.com\/es\/wp-json\/wp\/v2\/users\/17"}],"replies":[{"embeddable":true,"href":"https:\/\/corp.ametllerorigen.com\/es\/wp-json\/wp\/v2\/comments?post=19130"}],"version-history":[{"count":229,"href":"https:\/\/corp.ametllerorigen.com\/es\/wp-json\/wp\/v2\/pages\/19130\/revisions"}],"predecessor-version":[{"id":21631,"href":"https:\/\/corp.ametllerorigen.com\/es\/wp-json\/wp\/v2\/pages\/19130\/revisions\/21631"}],"up":[{"embeddable":true,"href":"https:\/\/corp.ametllerorigen.com\/es\/wp-json\/wp\/v2\/pages\/18020"}],"wp:attachment":[{"href":"https:\/\/corp.ametllerorigen.com\/es\/wp-json\/wp\/v2\/media?parent=19130"}],"curies":[{"name":"wp","href":"https:\/\/api.w.org\/{rel}","templated":true}]}}